{"id":10422,"date":"2021-06-30T16:50:40","date_gmt":"2021-06-30T16:50:40","guid":{"rendered":"https:\/\/urica.org\/?page_id=10422"},"modified":"2022-08-08T19:31:37","modified_gmt":"2022-08-08T19:31:37","slug":"webinaires","status":"publish","type":"page","link":"https:\/\/urica.org\/index.php\/webinaires\/","title":{"rendered":"WEBINAIRES"},"content":{"rendered":"\t\t<div data-elementor-type=\"wp-page\" data-elementor-id=\"10422\" class=\"elementor elementor-10422\" data-elementor-settings=\"{&quot;ha_cmc_init_switcher&quot;:&quot;no&quot;}\">\n\t\t\t\t\t\t<section class=\"elementor-section elementor-top-section elementor-element elementor-element-fc99b34 elementor-section-content-middle elementor-section-boxed elementor-section-height-default elementor-section-height-default\" data-id=\"fc99b34\" data-element_type=\"section\" data-e-type=\"section\" data-settings=\"{&quot;background_background&quot;:&quot;classic&quot;,&quot;_ha_eqh_enable&quot;:false}\">\n\t\t\t\t\t\t\t<div class=\"elementor-background-overlay\"><\/div>\n\t\t\t\t\t\t\t<div class=\"elementor-container elementor-column-gap-default\">\n\t\t\t\t\t<div class=\"elementor-column elementor-col-100 elementor-top-column elementor-element elementor-element-3c429b2 elementor-invisible\" data-id=\"3c429b2\" data-element_type=\"column\" data-e-type=\"column\" data-settings=\"{&quot;animation&quot;:&quot;fadeIn&quot;}\">\n\t\t\t<div class=\"elementor-widget-wrap elementor-element-populated\">\n\t\t\t\t\t\t<div class=\"elementor-element elementor-element-99d458b elementor-widget elementor-widget-heading\" data-id=\"99d458b\" data-element_type=\"widget\" data-e-type=\"widget\" data-widget_type=\"heading.default\">\n\t\t\t\t<div class=\"elementor-widget-container\">\n\t\t\t\t\t<h1 class=\"elementor-heading-title elementor-size-default\">WEBINAIRES<\/h1>\t\t\t\t<\/div>\n\t\t\t\t<\/div>\n\t\t\t\t\t<\/div>\n\t\t<\/div>\n\t\t\t\t\t<\/div>\n\t\t<\/section>\n\t\t\t\t<section class=\"elementor-section elementor-top-section elementor-element elementor-element-6d2a5b9 elementor-section-boxed elementor-section-height-default elementor-section-height-default\" data-id=\"6d2a5b9\" data-element_type=\"section\" data-e-type=\"section\" data-settings=\"{&quot;background_background&quot;:&quot;classic&quot;,&quot;_ha_eqh_enable&quot;:false}\">\n\t\t\t\t\t\t<div class=\"elementor-container elementor-column-gap-default\">\n\t\t\t\t\t<div class=\"elementor-column elementor-col-100 elementor-top-column elementor-element elementor-element-f916de7\" data-id=\"f916de7\" data-element_type=\"column\" data-e-type=\"column\">\n\t\t\t<div class=\"elementor-widget-wrap elementor-element-populated\">\n\t\t\t\t\t\t<div class=\"elementor-element elementor-element-ee4fbca elementor-grid-1 elementor-grid-tablet-1 elementor-posts--thumbnail-left elementor-grid-mobile-1 elementor-widget elementor-widget-posts\" data-id=\"ee4fbca\" data-element_type=\"widget\" data-e-type=\"widget\" data-settings=\"{&quot;classic_columns&quot;:&quot;1&quot;,&quot;classic_columns_tablet&quot;:&quot;1&quot;,&quot;pagination_type&quot;:&quot;numbers&quot;,&quot;classic_columns_mobile&quot;:&quot;1&quot;,&quot;classic_row_gap&quot;:{&quot;unit&quot;:&quot;px&quot;,&quot;size&quot;:35,&quot;sizes&quot;:[]},&quot;classic_row_gap_tablet&quot;:{&quot;unit&quot;:&quot;px&quot;,&quot;size&quot;:&quot;&quot;,&quot;sizes&quot;:[]},&quot;classic_row_gap_mobile&quot;:{&quot;unit&quot;:&quot;px&quot;,&quot;size&quot;:&quot;&quot;,&quot;sizes&quot;:[]}}\" data-widget_type=\"posts.classic\">\n\t\t\t\t<div class=\"elementor-widget-container\">\n\t\t\t\t\t\t\t<div class=\"elementor-posts-container elementor-posts elementor-posts--skin-classic elementor-grid\">\n\t\t\t\t<article class=\"elementor-post elementor-grid-item post-10751 post type-post status-publish format-standard has-post-thumbnail hentry category-rencontres category-webinaires\">\n\t\t\t\t<a class=\"elementor-post__thumbnail__link\" href=\"https:\/\/urica.org\/index.php\/2025\/04\/30\/archeologie-et-vie-quotidienne-a-lambaye-capitale-du-baol-du-temps-des-negriers-a-la-colonisation-europeenne-1500-1890\/\" >\n\t\t\t<div class=\"elementor-post__thumbnail\"><img fetchpriority=\"high\" decoding=\"async\" width=\"1748\" height=\"1240\" src=\"https:\/\/i0.wp.com\/urica.org\/wp-content\/uploads\/2025\/04\/Unite-de-Recherche-en-Ingenierie-Culturelle-et-en-Anthropologie_resultat.jpg?fit=1748%2C1240&amp;ssl=1\" class=\"attachment-full size-full wp-image-10752\" alt=\"\" srcset=\"https:\/\/i0.wp.com\/urica.org\/wp-content\/uploads\/2025\/04\/Unite-de-Recherche-en-Ingenierie-Culturelle-et-en-Anthropologie_resultat.jpg?w=1748&amp;ssl=1 1748w, https:\/\/i0.wp.com\/urica.org\/wp-content\/uploads\/2025\/04\/Unite-de-Recherche-en-Ingenierie-Culturelle-et-en-Anthropologie_resultat.jpg?resize=300%2C213&amp;ssl=1 300w, https:\/\/i0.wp.com\/urica.org\/wp-content\/uploads\/2025\/04\/Unite-de-Recherche-en-Ingenierie-Culturelle-et-en-Anthropologie_resultat.jpg?resize=1024%2C726&amp;ssl=1 1024w, https:\/\/i0.wp.com\/urica.org\/wp-content\/uploads\/2025\/04\/Unite-de-Recherche-en-Ingenierie-Culturelle-et-en-Anthropologie_resultat.jpg?resize=768%2C545&amp;ssl=1 768w, https:\/\/i0.wp.com\/urica.org\/wp-content\/uploads\/2025\/04\/Unite-de-Recherche-en-Ingenierie-Culturelle-et-en-Anthropologie_resultat.jpg?resize=1536%2C1090&amp;ssl=1 1536w\" sizes=\"(max-width: 1000px) 100vw, 1000px\" \/><\/div>\n\t\t<\/a>\n\t\t\t\t<div class=\"elementor-post__text\">\n\t\t\t\t<h3 class=\"elementor-post__title\">\n\t\t\t<a href=\"https:\/\/urica.org\/index.php\/2025\/04\/30\/archeologie-et-vie-quotidienne-a-lambaye-capitale-du-baol-du-temps-des-negriers-a-la-colonisation-europeenne-1500-1890\/\" >\n\t\t\t\tArch\u00e9ologie et vie quotidienne \u00e0 Lambaye (capitale du Baol) : du temps des n\u00e9griers \u00e0 la colonisation europ\u00e9enne (1500-1890)\t\t\t<\/a>\n\t\t<\/h3>\n\t\t\t\t<div class=\"elementor-post__meta-data\">\n\t\t\t\t\t<span class=\"elementor-post-date\">\n\t\t\tavril 30, 2025\t\t<\/span>\n\t\t\t\t<\/div>\n\t\t\t\t<div class=\"elementor-post__excerpt\">\n\t\t\t<p>R\u00e9sum\u00e9\u00a0 Le royaume historique du Baol avec comme capitale, Lambaye \u00e9tait situ\u00e9 au centre du S\u00e9n\u00e9gal. Il est entr\u00e9 en contact avec le monde occidental d\u00e8s le XVe si\u00e8cle et a entretenu depuis lors un engagement soutenu et intense avec les Europ\u00e9ens. Son histoire tr\u00e8s mouvement\u00e9e est rythm\u00e9e par les soubresauts des navigations transoc\u00e9aniques et les \u00e9changes commerciaux de produits<\/p>\n\t\t<\/div>\n\t\t\n\t\t<a class=\"elementor-post__read-more\" href=\"https:\/\/urica.org\/index.php\/2025\/04\/30\/archeologie-et-vie-quotidienne-a-lambaye-capitale-du-baol-du-temps-des-negriers-a-la-colonisation-europeenne-1500-1890\/\" aria-label=\"Read more about Arch\u00e9ologie et vie quotidienne \u00e0 Lambaye (capitale du Baol) : du temps des n\u00e9griers \u00e0 la colonisation europ\u00e9enne (1500-1890)\" >\n\t\t\tVoir + \t\t<\/a>\n\n\t\t\t\t<\/div>\n\t\t\t\t<\/article>\n\t\t\t\t<article class=\"elementor-post elementor-grid-item post-10754 post type-post status-publish format-standard has-post-thumbnail hentry category-conference-urica category-rencontres category-webinaires\">\n\t\t\t\t<a class=\"elementor-post__thumbnail__link\" href=\"https:\/\/urica.org\/index.php\/2025\/04\/17\/capture-de-realite-et-jumeaux-numeriques-en-patrimoine-et-archeologie-2\/\" >\n\t\t\t<div class=\"elementor-post__thumbnail\"><img decoding=\"async\" width=\"1829\" height=\"2560\" src=\"https:\/\/i0.wp.com\/urica.org\/wp-content\/uploads\/2025\/04\/Orange-and-White-Modern-Business-Webinar-Poster_resultat-scaled.jpg?fit=1829%2C2560&amp;ssl=1\" class=\"attachment-full size-full wp-image-10755\" alt=\"\" srcset=\"https:\/\/i0.wp.com\/urica.org\/wp-content\/uploads\/2025\/04\/Orange-and-White-Modern-Business-Webinar-Poster_resultat-scaled.jpg?w=1829&amp;ssl=1 1829w, https:\/\/i0.wp.com\/urica.org\/wp-content\/uploads\/2025\/04\/Orange-and-White-Modern-Business-Webinar-Poster_resultat-scaled.jpg?resize=214%2C300&amp;ssl=1 214w, https:\/\/i0.wp.com\/urica.org\/wp-content\/uploads\/2025\/04\/Orange-and-White-Modern-Business-Webinar-Poster_resultat-scaled.jpg?resize=731%2C1024&amp;ssl=1 731w, https:\/\/i0.wp.com\/urica.org\/wp-content\/uploads\/2025\/04\/Orange-and-White-Modern-Business-Webinar-Poster_resultat-scaled.jpg?resize=768%2C1075&amp;ssl=1 768w, https:\/\/i0.wp.com\/urica.org\/wp-content\/uploads\/2025\/04\/Orange-and-White-Modern-Business-Webinar-Poster_resultat-scaled.jpg?resize=1097%2C1536&amp;ssl=1 1097w, https:\/\/i0.wp.com\/urica.org\/wp-content\/uploads\/2025\/04\/Orange-and-White-Modern-Business-Webinar-Poster_resultat-scaled.jpg?resize=1463%2C2048&amp;ssl=1 1463w\" sizes=\"(max-width: 1000px) 100vw, 1000px\" \/><\/div>\n\t\t<\/a>\n\t\t\t\t<div class=\"elementor-post__text\">\n\t\t\t\t<h3 class=\"elementor-post__title\">\n\t\t\t<a href=\"https:\/\/urica.org\/index.php\/2025\/04\/17\/capture-de-realite-et-jumeaux-numeriques-en-patrimoine-et-archeologie-2\/\" >\n\t\t\t\tCapture de r\u00e9alit\u00e9 et jumeaux num\u00e9riques en patrimoine et arch\u00e9ologie.\t\t\t<\/a>\n\t\t<\/h3>\n\t\t\t\t<div class=\"elementor-post__meta-data\">\n\t\t\t\t\t<span class=\"elementor-post-date\">\n\t\t\tavril 17, 2025\t\t<\/span>\n\t\t\t\t<\/div>\n\t\t\t\t<div class=\"elementor-post__excerpt\">\n\t\t\t<p>R\u00e9sum\u00e9\u00a0 L\u2019utilisation des scanners laser, des drones, de la photogramm\u00e9trie, ou d\u2019autres techniques, l\u2019\u00e9quipe fournis une documentation technique \u00e0 diff\u00e9rents professionnels du patrimoine tels qu\u2019architectes, ing\u00e9nieurs, gestionnaires, ma\u00e7ons, mus\u00e9ologues et arch\u00e9ologue. Que ce sont en plans et ortho-images 2D, en mod\u00e9lisation ou BIM 3D ou en 4D par le monitoring de d\u00e9formations et les simulations historiques et la mise en<\/p>\n\t\t<\/div>\n\t\t\n\t\t<a class=\"elementor-post__read-more\" href=\"https:\/\/urica.org\/index.php\/2025\/04\/17\/capture-de-realite-et-jumeaux-numeriques-en-patrimoine-et-archeologie-2\/\" aria-label=\"Read more about Capture de r\u00e9alit\u00e9 et jumeaux num\u00e9riques en patrimoine et arch\u00e9ologie.\" >\n\t\t\tVoir + \t\t<\/a>\n\n\t\t\t\t<\/div>\n\t\t\t\t<\/article>\n\t\t\t\t<article class=\"elementor-post elementor-grid-item post-10744 post type-post status-publish format-standard has-post-thumbnail hentry category-conference-urica category-webinaires\">\n\t\t\t\t<a class=\"elementor-post__thumbnail__link\" href=\"https:\/\/urica.org\/index.php\/2025\/03\/17\/nize-isabel-de-moraes-memoires-dune-historienne-de-la-senegambie\/\" >\n\t\t\t<div class=\"elementor-post__thumbnail\"><img decoding=\"async\" width=\"756\" height=\"378\" src=\"https:\/\/i0.wp.com\/urica.org\/wp-content\/uploads\/2025\/03\/484039915_633056696140326_3992242688764334134_n.jpg?fit=756%2C378&amp;ssl=1\" class=\"attachment-full size-full wp-image-10745\" alt=\"\" srcset=\"https:\/\/i0.wp.com\/urica.org\/wp-content\/uploads\/2025\/03\/484039915_633056696140326_3992242688764334134_n.jpg?w=756&amp;ssl=1 756w, https:\/\/i0.wp.com\/urica.org\/wp-content\/uploads\/2025\/03\/484039915_633056696140326_3992242688764334134_n.jpg?resize=300%2C150&amp;ssl=1 300w\" sizes=\"(max-width: 756px) 100vw, 756px\" \/><\/div>\n\t\t<\/a>\n\t\t\t\t<div class=\"elementor-post__text\">\n\t\t\t\t<h3 class=\"elementor-post__title\">\n\t\t\t<a href=\"https:\/\/urica.org\/index.php\/2025\/03\/17\/nize-isabel-de-moraes-memoires-dune-historienne-de-la-senegambie\/\" >\n\t\t\t\t\u00ab Nize Isabel de Moraes : m\u00e9moires d&rsquo;une historienne de la S\u00e9n\u00e9gambie \u00bb\t\t\t<\/a>\n\t\t<\/h3>\n\t\t\t\t<div class=\"elementor-post__meta-data\">\n\t\t\t\t\t<span class=\"elementor-post-date\">\n\t\t\tmars 17, 2025\t\t<\/span>\n\t\t\t\t<\/div>\n\t\t\t\t<div class=\"elementor-post__excerpt\">\n\t\t\t<p>L\u2019URICA est heureuse de vous inviter \u00e0 son prochain webinaire, qui se tiendra le jeudi 20 mars \u00e0 partir de 10h, sur le th\u00e8me : \u00ab Nize Isabel de Moraes : m\u00e9moires d&rsquo;une historienne de la S\u00e9n\u00e9gambie \u00bb. Ce webinaire sera anim\u00e9 par le Pr Maria Aparecida de Oliveira Lopes, professeur \u00e0 l\u2019Universit\u00e9 f\u00e9d\u00e9rale de Sul De Bahia (UFSB) au<\/p>\n\t\t<\/div>\n\t\t\n\t\t<a class=\"elementor-post__read-more\" href=\"https:\/\/urica.org\/index.php\/2025\/03\/17\/nize-isabel-de-moraes-memoires-dune-historienne-de-la-senegambie\/\" aria-label=\"Read more about \u00ab Nize Isabel de Moraes : m\u00e9moires d&rsquo;une historienne de la S\u00e9n\u00e9gambie \u00bb\" >\n\t\t\tVoir + \t\t<\/a>\n\n\t\t\t\t<\/div>\n\t\t\t\t<\/article>\n\t\t\t\t<article class=\"elementor-post elementor-grid-item post-10740 post type-post status-publish format-standard has-post-thumbnail hentry category-non-classe category-webinaires\">\n\t\t\t\t<a class=\"elementor-post__thumbnail__link\" href=\"https:\/\/urica.org\/index.php\/2025\/02\/02\/wilderness-ou-lerosion-systemique-de-lecologie-et-paysage-culturel-afro-americains-en-caroline-du-sud\/\" >\n\t\t\t<div class=\"elementor-post__thumbnail\"><img loading=\"lazy\" decoding=\"async\" width=\"2560\" height=\"1280\" src=\"https:\/\/i0.wp.com\/urica.org\/wp-content\/uploads\/2025\/02\/Aby-L.-Sene-scaled.jpg?fit=2560%2C1280&amp;ssl=1\" class=\"attachment-full size-full wp-image-10738\" alt=\"\" srcset=\"https:\/\/i0.wp.com\/urica.org\/wp-content\/uploads\/2025\/02\/Aby-L.-Sene-scaled.jpg?w=2560&amp;ssl=1 2560w, https:\/\/i0.wp.com\/urica.org\/wp-content\/uploads\/2025\/02\/Aby-L.-Sene-scaled.jpg?resize=300%2C150&amp;ssl=1 300w, https:\/\/i0.wp.com\/urica.org\/wp-content\/uploads\/2025\/02\/Aby-L.-Sene-scaled.jpg?resize=1024%2C512&amp;ssl=1 1024w, https:\/\/i0.wp.com\/urica.org\/wp-content\/uploads\/2025\/02\/Aby-L.-Sene-scaled.jpg?resize=768%2C384&amp;ssl=1 768w, https:\/\/i0.wp.com\/urica.org\/wp-content\/uploads\/2025\/02\/Aby-L.-Sene-scaled.jpg?resize=1536%2C768&amp;ssl=1 1536w, https:\/\/i0.wp.com\/urica.org\/wp-content\/uploads\/2025\/02\/Aby-L.-Sene-scaled.jpg?resize=2048%2C1024&amp;ssl=1 2048w\" sizes=\"(max-width: 1000px) 100vw, 1000px\" \/><\/div>\n\t\t<\/a>\n\t\t\t\t<div class=\"elementor-post__text\">\n\t\t\t\t<h3 class=\"elementor-post__title\">\n\t\t\t<a href=\"https:\/\/urica.org\/index.php\/2025\/02\/02\/wilderness-ou-lerosion-systemique-de-lecologie-et-paysage-culturel-afro-americains-en-caroline-du-sud\/\" >\n\t\t\t\t\u2018Wilderness\u2019 ou l\u2019\u00e9rosion syst\u00e9mique de l\u2019\u00e9cologie et paysage culturel Afro-Am\u00e9ricains en Caroline du Sud\t\t\t<\/a>\n\t\t<\/h3>\n\t\t\t\t<div class=\"elementor-post__meta-data\">\n\t\t\t\t\t<span class=\"elementor-post-date\">\n\t\t\tf\u00e9vrier 2, 2025\t\t<\/span>\n\t\t\t\t<\/div>\n\t\t\t\t<div class=\"elementor-post__excerpt\">\n\t\t\t<p>L\u2019URICA a le plaisir de vous inviter \u00e0 son prochain webinaire, le mercredi 05 f\u00e9vrier \u00e0 partir de 15h30, intitul\u00e9\u00a0:\u00a0\u00ab \u2018Wilderness\u2019 ou l\u2019\u00e9rosion syst\u00e9mique de l\u2019\u00e9cologie et paysage culturel Afro-Am\u00e9ricains en Caroline du Sud \u00bb. Ce webinaire sera anim\u00e9 par Dr Aby L. S\u00e8ne, Professeur assistant \u00e0 Clemson University aux \u00c9tats Unis. Sa pr\u00e9sentation portera sur une partie d\u2019un projet<\/p>\n\t\t<\/div>\n\t\t\n\t\t<a class=\"elementor-post__read-more\" href=\"https:\/\/urica.org\/index.php\/2025\/02\/02\/wilderness-ou-lerosion-systemique-de-lecologie-et-paysage-culturel-afro-americains-en-caroline-du-sud\/\" aria-label=\"Read more about \u2018Wilderness\u2019 ou l\u2019\u00e9rosion syst\u00e9mique de l\u2019\u00e9cologie et paysage culturel Afro-Am\u00e9ricains en Caroline du Sud\" >\n\t\t\tVoir + \t\t<\/a>\n\n\t\t\t\t<\/div>\n\t\t\t\t<\/article>\n\t\t\t\t<article class=\"elementor-post elementor-grid-item post-10734 post type-post status-publish format-standard has-post-thumbnail hentry category-webinaires\">\n\t\t\t\t<a class=\"elementor-post__thumbnail__link\" href=\"https:\/\/urica.org\/index.php\/2025\/01\/28\/du-jardin-a-letat-linstitutionnalisation-de-la-guerison-dans-un-hopital-traditionnel-au-senegal\/\" >\n\t\t\t<div class=\"elementor-post__thumbnail\"><img loading=\"lazy\" decoding=\"async\" width=\"2560\" height=\"1280\" src=\"https:\/\/i0.wp.com\/urica.org\/wp-content\/uploads\/2025\/01\/Eva-scaled.jpg?fit=2560%2C1280&amp;ssl=1\" class=\"attachment-full size-full wp-image-10735\" alt=\"\" srcset=\"https:\/\/i0.wp.com\/urica.org\/wp-content\/uploads\/2025\/01\/Eva-scaled.jpg?w=2560&amp;ssl=1 2560w, https:\/\/i0.wp.com\/urica.org\/wp-content\/uploads\/2025\/01\/Eva-scaled.jpg?resize=300%2C150&amp;ssl=1 300w, https:\/\/i0.wp.com\/urica.org\/wp-content\/uploads\/2025\/01\/Eva-scaled.jpg?resize=1024%2C512&amp;ssl=1 1024w, https:\/\/i0.wp.com\/urica.org\/wp-content\/uploads\/2025\/01\/Eva-scaled.jpg?resize=768%2C384&amp;ssl=1 768w, https:\/\/i0.wp.com\/urica.org\/wp-content\/uploads\/2025\/01\/Eva-scaled.jpg?resize=1536%2C768&amp;ssl=1 1536w, https:\/\/i0.wp.com\/urica.org\/wp-content\/uploads\/2025\/01\/Eva-scaled.jpg?resize=2048%2C1024&amp;ssl=1 2048w\" sizes=\"(max-width: 1000px) 100vw, 1000px\" \/><\/div>\n\t\t<\/a>\n\t\t\t\t<div class=\"elementor-post__text\">\n\t\t\t\t<h3 class=\"elementor-post__title\">\n\t\t\t<a href=\"https:\/\/urica.org\/index.php\/2025\/01\/28\/du-jardin-a-letat-linstitutionnalisation-de-la-guerison-dans-un-hopital-traditionnel-au-senegal\/\" >\n\t\t\t\tDu jardin \u00e0 l\u2019\u00c9tat : l\u2019institutionnalisation de la gu\u00e9rison dans un h\u00f4pital traditionnel au S\u00e9n\u00e9gal\t\t\t<\/a>\n\t\t<\/h3>\n\t\t\t\t<div class=\"elementor-post__meta-data\">\n\t\t\t\t\t<span class=\"elementor-post-date\">\n\t\t\tjanvier 28, 2025\t\t<\/span>\n\t\t\t\t<\/div>\n\t\t\t\t<div class=\"elementor-post__excerpt\">\n\t\t\t<p>L\u2019URICA a le plaisir de vous inviter \u00e0 son prochain webinaire, le vendredi 31 janvier \u00e0 partir de 10h30 intitul\u00e9\u00a0: \u00ab Du jardin \u00e0 l\u2019\u00c9tat : l\u2019institutionnalisation de la gu\u00e9rison dans un h\u00f4pital traditionnel au S\u00e9n\u00e9gal \u00bb. Ce webinaire sera anim\u00e9e par Eva Coulibaly-Willis, anthropologue et chercheure sociale britanno-s\u00e9n\u00e9galaise. Titulaire d\u2019un master en anthropologie m\u00e9dicale et biosociale \u00e0 UCL, ses<\/p>\n\t\t<\/div>\n\t\t\n\t\t<a class=\"elementor-post__read-more\" href=\"https:\/\/urica.org\/index.php\/2025\/01\/28\/du-jardin-a-letat-linstitutionnalisation-de-la-guerison-dans-un-hopital-traditionnel-au-senegal\/\" aria-label=\"Read more about Du jardin \u00e0 l\u2019\u00c9tat : l\u2019institutionnalisation de la gu\u00e9rison dans un h\u00f4pital traditionnel au S\u00e9n\u00e9gal\" >\n\t\t\tVoir + \t\t<\/a>\n\n\t\t\t\t<\/div>\n\t\t\t\t<\/article>\n\t\t\t\t<article class=\"elementor-post elementor-grid-item post-10712 post type-post status-publish format-standard has-post-thumbnail hentry category-conference-urica category-rencontres category-webinaires\">\n\t\t\t\t<a class=\"elementor-post__thumbnail__link\" href=\"https:\/\/urica.org\/index.php\/2024\/07\/22\/coinces-dans-les-limbes-le-cas-des-familles-im-migrantes-africaines-senegalaises\/\" >\n\t\t\t<div class=\"elementor-post__thumbnail\"><img loading=\"lazy\" decoding=\"async\" width=\"2560\" height=\"1280\" src=\"https:\/\/i0.wp.com\/urica.org\/wp-content\/uploads\/2024\/07\/Kani-scaled.jpg?fit=2560%2C1280&amp;ssl=1\" class=\"attachment-full size-full wp-image-10713\" alt=\"\" srcset=\"https:\/\/i0.wp.com\/urica.org\/wp-content\/uploads\/2024\/07\/Kani-scaled.jpg?w=2560&amp;ssl=1 2560w, https:\/\/i0.wp.com\/urica.org\/wp-content\/uploads\/2024\/07\/Kani-scaled.jpg?resize=300%2C150&amp;ssl=1 300w, https:\/\/i0.wp.com\/urica.org\/wp-content\/uploads\/2024\/07\/Kani-scaled.jpg?resize=1024%2C512&amp;ssl=1 1024w, https:\/\/i0.wp.com\/urica.org\/wp-content\/uploads\/2024\/07\/Kani-scaled.jpg?resize=768%2C384&amp;ssl=1 768w, https:\/\/i0.wp.com\/urica.org\/wp-content\/uploads\/2024\/07\/Kani-scaled.jpg?resize=1536%2C768&amp;ssl=1 1536w, https:\/\/i0.wp.com\/urica.org\/wp-content\/uploads\/2024\/07\/Kani-scaled.jpg?resize=2048%2C1024&amp;ssl=1 2048w\" sizes=\"(max-width: 1000px) 100vw, 1000px\" \/><\/div>\n\t\t<\/a>\n\t\t\t\t<div class=\"elementor-post__text\">\n\t\t\t\t<h3 class=\"elementor-post__title\">\n\t\t\t<a href=\"https:\/\/urica.org\/index.php\/2024\/07\/22\/coinces-dans-les-limbes-le-cas-des-familles-im-migrantes-africaines-senegalaises\/\" >\n\t\t\t\tCoinc\u00e9s dans les limbes : le cas des familles im\/migrantes africaines\/s\u00e9n\u00e9galaises\t\t\t<\/a>\n\t\t<\/h3>\n\t\t\t\t<div class=\"elementor-post__meta-data\">\n\t\t\t\t\t<span class=\"elementor-post-date\">\n\t\t\tjuillet 22, 2024\t\t<\/span>\n\t\t\t\t<\/div>\n\t\t\t\t<div class=\"elementor-post__excerpt\">\n\t\t\t<p>Au cours des 68 derni\u00e8res ann\u00e9es, d&rsquo;innombrables d\u00e9bats, interpr\u00e9tations et \u00e9tudes sur les pratiques traditionnelles nuisibles ont eu lieu. Cependant, ils restent un sujet d&rsquo;enqu\u00eate et de discussion dans les disciplines universitaires et les m\u00e9dias. Les efforts visant \u00e0 \u00e9radiquer ces pratiques familiales et sociales ont utilis\u00e9 plusieurs approches qui, \u00e0 leur tour, ont eu des r\u00e9percussions sur l&rsquo;intervention. Ces<\/p>\n\t\t<\/div>\n\t\t\n\t\t<a class=\"elementor-post__read-more\" href=\"https:\/\/urica.org\/index.php\/2024\/07\/22\/coinces-dans-les-limbes-le-cas-des-familles-im-migrantes-africaines-senegalaises\/\" aria-label=\"Read more about Coinc\u00e9s dans les limbes : le cas des familles im\/migrantes africaines\/s\u00e9n\u00e9galaises\" >\n\t\t\tVoir + \t\t<\/a>\n\n\t\t\t\t<\/div>\n\t\t\t\t<\/article>\n\t\t\t\t<\/div>\n\t\t\n\t\t\t\t<div class=\"e-load-more-anchor\" data-page=\"1\" data-max-page=\"4\" data-next-page=\"https:\/\/urica.org\/index.php\/wp-json\/wp\/v2\/pages\/10422\/page\/2\/\"><\/div>\n\t\t\t\t<nav class=\"elementor-pagination\" aria-label=\"Pagination\">\n\t\t\t<span aria-current=\"page\" class=\"page-numbers current\"><span class=\"elementor-screen-only\">Page<\/span>1<\/span>\n<a class=\"page-numbers\" href=\"https:\/\/urica.org\/index.php\/wp-json\/wp\/v2\/pages\/10422\/page\/2\/\"><span class=\"elementor-screen-only\">Page<\/span>2<\/a>\n<a class=\"page-numbers\" href=\"https:\/\/urica.org\/index.php\/wp-json\/wp\/v2\/pages\/10422\/page\/3\/\"><span class=\"elementor-screen-only\">Page<\/span>3<\/a>\n<a class=\"page-numbers\" href=\"https:\/\/urica.org\/index.php\/wp-json\/wp\/v2\/pages\/10422\/page\/4\/\"><span class=\"elementor-screen-only\">Page<\/span>4<\/a>\t\t<\/nav>\n\t\t\t\t\t\t<\/div>\n\t\t\t\t<\/div>\n\t\t\t\t\t<\/div>\n\t\t<\/div>\n\t\t\t\t\t<\/div>\n\t\t<\/section>\n\t\t\t\t<\/div>\n\t\t","protected":false},"excerpt":{"rendered":"<p>WEBINAIRES<\/p>\n","protected":false},"author":1,"featured_media":0,"parent":0,"menu_order":0,"comment_status":"closed","ping_status":"closed","template":"","meta":{"footnotes":""},"class_list":["post-10422","page","type-page","status-publish","hentry"],"jetpack_sharing_enabled":true,"_links":{"self":[{"href":"https:\/\/urica.org\/index.php\/wp-json\/wp\/v2\/pages\/10422","targetHints":{"allow":["GET"]}}],"collection":[{"href":"https:\/\/urica.org\/index.php\/wp-json\/wp\/v2\/pages"}],"about":[{"href":"https:\/\/urica.org\/index.php\/wp-json\/wp\/v2\/types\/page"}],"author":[{"embeddable":true,"href":"https:\/\/urica.org\/index.php\/wp-json\/wp\/v2\/users\/1"}],"replies":[{"embeddable":true,"href":"https:\/\/urica.org\/index.php\/wp-json\/wp\/v2\/comments?post=10422"}],"version-history":[{"count":11,"href":"https:\/\/urica.org\/index.php\/wp-json\/wp\/v2\/pages\/10422\/revisions"}],"predecessor-version":[{"id":10537,"href":"https:\/\/urica.org\/index.php\/wp-json\/wp\/v2\/pages\/10422\/revisions\/10537"}],"wp:attachment":[{"href":"https:\/\/urica.org\/index.php\/wp-json\/wp\/v2\/media?parent=10422"}],"curies":[{"name":"wp","href":"https:\/\/api.w.org\/{rel}","templated":true}]}}